{"id":281,"date":"2026-02-24T12:46:54","date_gmt":"2026-02-24T11:46:54","guid":{"rendered":"https:\/\/hotellayarolina.com\/?page_id=281"},"modified":"2026-03-02T11:54:52","modified_gmt":"2026-03-02T10:54:52","slug":"habitaciones-para-3-personas","status":"publish","type":"page","link":"https:\/\/hotellayarolina.com\/en\/habitaciones-para-3-personas\/","title":{"rendered":"Rooms for 3 Guests"},"content":{"rendered":"<div class=\"wp-block-stackable-columns alignfull stk-block-columns stk-block stk-84b8562\" data-block-id=\"84b8562\"><style>.stk-84b8562 {margin-top:var(--stk--preset--spacing--70, min(6rem, 15vw)) !important;margin-bottom:var(--stk--preset--spacing--70, min(6rem, 15vw)) !important;}<\/style><div class=\"stk-row stk-inner-blocks stk-block-content stk-content-align stk-84b8562-column alignwide\">\n<div class=\"wp-block-stackable-column stk-block-column stk-column stk-block stk-f80d42a\" data-v=\"4\" data-block-id=\"f80d42a\"><div class=\"stk-column-wrapper stk-block-column__content stk-container stk-f80d42a-container stk--no-background stk--no-padding\"><div class=\"stk-block-content stk-inner-blocks stk-f80d42a-inner-blocks\">\n<div class=\"wp-block-stackable-heading stk-block-heading stk-block-heading--v2 stk-block stk-981bfe7\" id=\"heading-placeholder\" data-block-id=\"981bfe7\"><h2 class=\"stk-block-heading__text has-text-align-center\">Enjoy a getaway with friends or family.<\/h2><\/div>\n\n\n\n<div class=\"wp-block-stackable-text stk-block-text stk-block stk-8e57cc3\" data-block-id=\"8e57cc3\"><p class=\"stk-block-text__text has-text-align-center\">All rooms at Hotel La Yarolina are fully equipped to ensure a comfortable, pleasant, and relaxing stay.<\/p><\/div>\n\n\n\n<div class=\"wp-block-stackable-columns stk-block-columns stk-block stk-a1bd2f6\" data-block-id=\"a1bd2f6\"><div class=\"stk-row stk-inner-blocks stk-block-content stk-content-align stk-a1bd2f6-column\">\n<div class=\"wp-block-stackable-column stk-block-column stk-column stk-block stk-48f7a99 stk-block-background stk--has-background-overlay\" data-v=\"4\" data-block-id=\"48f7a99\"><style>.stk-48f7a99-inner-blocks{justify-content:center !important;}.stk-48f7a99 {background-image:url(https:\/\/hotellayarolina.com\/wp-content\/uploads\/2026\/02\/DSC5100.jpg) !important;}.stk-48f7a99-container{min-height:var(--stk--preset--block-height--xx-large, 32rem) !important;}<\/style><div class=\"stk-column-wrapper stk-block-column__content stk-container stk-48f7a99-container stk--no-background stk--no-padding\"><div class=\"stk--column-flex stk-block-content stk-inner-blocks stk-48f7a99-inner-blocks\"><\/div><\/div><\/div>\n\n\n\n<div class=\"wp-block-stackable-column stk-block-column stk-column stk-block stk-adeb32b stk-block-background stk--has-background-overlay\" data-v=\"4\" data-block-id=\"adeb32b\"><style>.stk-adeb32b-inner-blocks{justify-content:center !important;}.stk-adeb32b {background-image:url(https:\/\/hotellayarolina.com\/wp-content\/uploads\/2026\/02\/DSC5099.webp) !important;}.stk-adeb32b-container{background-image:url(https:\/\/hotellayarolina.com\/wp-content\/uploads\/2026\/02\/DSC5099.webp) !important;min-height:var(--stk--preset--block-height--xx-large, 32rem) !important;}.stk-adeb32b-container:before{background-color:#000000 !important;opacity:0.5 !important;}<\/style><div class=\"stk-column-wrapper stk-block-column__content stk-container stk-adeb32b-container stk-hover-parent stk--has-background-overlay\"><div class=\"stk--column-flex stk-block-content stk-inner-blocks stk-adeb32b-inner-blocks\">\n<div class=\"wp-block-stackable-heading stk-block-heading stk-block-heading--v2 stk-block stk-0684f88\" id=\"c-title-2-placeholder\" data-block-id=\"0684f88\"><style>.stk-0684f88 .stk-block-heading__text{color:#ffffff !important;}<\/style><h3 class=\"stk-block-heading__text has-text-color has-text-align-center\">Room 205<\/h3><\/div>\n\n\n\n<ul class=\"wp-block-list has-base-color has-text-color has-link-color wp-elements-ff01fbfe9fd28e5e7870005f18393ede\">\n<li>One queen-size bed<\/li>\n\n\n\n<li>One twin bed<\/li>\n\n\n\n<li>Nightstands<\/li>\n\n\n\n<li>Closet<\/li>\n\n\n\n<li>43-inch TV<\/li>\n\n\n\n<li>Air conditioner<\/li>\n\n\n\n<li>Private bathroom<\/li>\n\n\n\n<li>Wi-Fi<\/li>\n<\/ul>\n\n\n\n<div class=\"wp-block-stackable-button-group stk-block-button-group stk-block stk-8417d19\" data-block-id=\"8417d19\"><div class=\"stk-row stk-inner-blocks has-text-align-center stk-block-content stk-button-group\">\n<div class=\"wp-block-stackable-button stk-block-button stk-block stk-3743ded\" data-block-id=\"3743ded\"><a class=\"stk-link stk-button stk--hover-effect-darken\" href=\"https:\/\/www.airbnb.co.cr\/rooms\/775983527377310309?source_impression_id=p3_1772187062_P3X_Yc1BJwgKwrRW\"><span class=\"stk-button__inner-text\">Book now<\/span><\/a><\/div>\n<\/div><\/div>\n<\/div><\/div><\/div>\n\n\n\n<div class=\"wp-block-stackable-column stk-block-column stk-column stk-block stk-7f2187a stk-block-background stk--has-background-overlay\" data-v=\"4\" data-block-id=\"7f2187a\"><style>.stk-7f2187a-inner-blocks{justify-content:center !important;}.stk-7f2187a {background-image:url(https:\/\/hotellayarolina.com\/wp-content\/uploads\/2026\/02\/DSC5092.jpg) !important;}.stk-7f2187a-container{min-height:var(--stk--preset--block-height--xx-large, 32rem) !important;}<\/style><div class=\"stk-column-wrapper stk-block-column__content stk-container stk-7f2187a-container stk--no-background stk--no-padding\"><div class=\"stk--column-flex stk-block-content stk-inner-blocks stk-7f2187a-inner-blocks\"><\/div><\/div><\/div>\n<\/div><\/div>\n<\/div><\/div><\/div>\n<\/div><\/div>\n\n\n\n<hr class=\"wp-block-separator has-alpha-channel-opacity\"\/>\n\n\n\n<div class=\"wp-block-stackable-columns alignfull stk-block-columns stk-block stk-f97f9d8\" data-block-id=\"f97f9d8\"><style>.stk-f97f9d8 {margin-top:var(--stk--preset--spacing--70, min(6rem, 15vw)) !important;margin-bottom:var(--stk--preset--spacing--70, min(6rem, 15vw)) !important;}<\/style><div class=\"stk-row stk-inner-blocks stk-block-content stk-content-align stk-f97f9d8-column alignwide\">\n<div class=\"wp-block-stackable-column stk-block-column stk-column stk-block stk-9c9b919\" data-v=\"4\" data-block-id=\"9c9b919\"><div class=\"stk-column-wrapper stk-block-column__content stk-container stk-9c9b919-container stk--no-background stk--no-padding\"><div class=\"stk-block-content stk-inner-blocks stk-9c9b919-inner-blocks\">\n<div class=\"wp-block-stackable-columns stk-block-columns stk-block stk-e318509\" data-block-id=\"e318509\"><div class=\"stk-row stk-inner-blocks stk-block-content stk-content-align stk-e318509-column\">\n<div class=\"wp-block-stackable-column stk-block-column stk-column stk-block stk-fb217cf stk-block-background stk--has-background-overlay\" data-v=\"4\" data-block-id=\"fb217cf\"><style>.stk-fb217cf-inner-blocks{justify-content:center !important;}.stk-fb217cf {background-image:url(https:\/\/hotellayarolina.com\/wp-content\/uploads\/2026\/02\/DSC5569.webp) !important;}.stk-fb217cf-container{min-height:var(--stk--preset--block-height--xx-large, 32rem) !important;}<\/style><div class=\"stk-column-wrapper stk-block-column__content stk-container stk-fb217cf-container stk--no-background stk--no-padding\"><div class=\"stk--column-flex stk-block-content stk-inner-blocks stk-fb217cf-inner-blocks\"><\/div><\/div><\/div>\n\n\n\n<div class=\"wp-block-stackable-column stk-block-column stk-column stk-block stk-4f1098f stk-block-background stk--has-background-overlay\" data-v=\"4\" data-block-id=\"4f1098f\"><style>.stk-4f1098f-inner-blocks{justify-content:center !important;}.stk-4f1098f {background-image:url(https:\/\/hotellayarolina.com\/wp-content\/uploads\/2026\/02\/DSC5580.webp) !important;}.stk-4f1098f-container{background-image:url(https:\/\/hotellayarolina.com\/wp-content\/uploads\/2026\/02\/DSC5580.webp) !important;min-height:var(--stk--preset--block-height--xx-large, 32rem) !important;}.stk-4f1098f-container:before{background-color:#000000 !important;opacity:0.5 !important;}<\/style><div class=\"stk-column-wrapper stk-block-column__content stk-container stk-4f1098f-container stk-hover-parent stk--has-background-overlay\"><div class=\"stk--column-flex stk-block-content stk-inner-blocks stk-4f1098f-inner-blocks\">\n<div class=\"wp-block-stackable-heading stk-block-heading stk-block-heading--v2 stk-block stk-455cfe2\" id=\"c-title-2-placeholder\" data-block-id=\"455cfe2\"><style>.stk-455cfe2 .stk-block-heading__text{color:#ffffff !important;}<\/style><h3 class=\"stk-block-heading__text has-text-color has-text-align-center\">Room 301<\/h3><\/div>\n\n\n\n<ul class=\"wp-block-list\">\n<li class=\"has-base-color has-text-color has-link-color wp-elements-5c6a4b82983ce30819f92df143c38f78\">One queen-size bed<\/li>\n\n\n\n<li class=\"has-base-color has-text-color has-link-color wp-elements-4167fe35e591bf3a2298d0b86003ea1e\">One twin bed<\/li>\n\n\n\n<li class=\"has-base-color has-text-color has-link-color wp-elements-4ecfd5ac902f1846de93b8a8322d6acc\">Nightstands<\/li>\n\n\n\n<li class=\"has-base-color has-text-color has-link-color wp-elements-e35bcff0e9e059da2cb840a75c450657\">Closet<\/li>\n\n\n\n<li class=\"has-base-color has-text-color has-link-color wp-elements-a853824ebee048fcda1b43e227b71b51\">43-inch TV<\/li>\n\n\n\n<li class=\"has-base-color has-text-color has-link-color wp-elements-cdc21ee9bf6b81a78154df35d6f37b76\">Air conditioner<\/li>\n\n\n\n<li class=\"has-base-color has-text-color has-link-color wp-elements-5d45e7b92bb23b7b32b58f619e65b041\">Private bathroom<\/li>\n\n\n\n<li class=\"has-base-color has-text-color has-link-color wp-elements-c425195da3a80f1fdc1bdf1525e84455\">Wi-Fi<\/li>\n<\/ul>\n\n\n\n<div class=\"wp-block-stackable-button-group stk-block-button-group stk-block stk-c83529a\" data-block-id=\"c83529a\"><div class=\"stk-row stk-inner-blocks has-text-align-center stk-block-content stk-button-group\">\n<div class=\"wp-block-stackable-button stk-block-button stk-block stk-0716bdc\" data-block-id=\"0716bdc\"><a class=\"stk-link stk-button stk--hover-effect-darken\" href=\"https:\/\/www.airbnb.co.cr\/rooms\/1195046743352001954?source_impression_id=p3_1772187143_P3H1wqd7w80bAI1y\"><span class=\"stk-button__inner-text\">Book now<\/span><\/a><\/div>\n<\/div><\/div>\n<\/div><\/div><\/div>\n\n\n\n<div class=\"wp-block-stackable-column stk-block-column stk-column stk-block stk-cf06e06 stk-block-background stk--has-background-overlay\" data-v=\"4\" data-block-id=\"cf06e06\"><style>.stk-cf06e06-inner-blocks{justify-content:center !important;}.stk-cf06e06 {background-image:url(https:\/\/hotellayarolina.com\/wp-content\/uploads\/2026\/02\/DSC5575.webp) !important;}.stk-cf06e06-container{min-height:var(--stk--preset--block-height--xx-large, 32rem) !important;}<\/style><div class=\"stk-column-wrapper stk-block-column__content stk-container stk-cf06e06-container stk--no-background stk--no-padding\"><div class=\"stk--column-flex stk-block-content stk-inner-blocks stk-cf06e06-inner-blocks\"><\/div><\/div><\/div>\n<\/div><\/div>\n<\/div><\/div><\/div>\n<\/div><\/div>\n\n\n\n<hr class=\"wp-block-separator has-alpha-channel-opacity\"\/>\n\n\n\n<div class=\"wp-block-stackable-columns alignfull stk-block-columns stk-block stk-9313ae0\" data-block-id=\"9313ae0\"><style>.stk-9313ae0 {margin-top:var(--stk--preset--spacing--70, min(6rem, 15vw)) !important;margin-bottom:var(--stk--preset--spacing--70, min(6rem, 15vw)) !important;}<\/style><div class=\"stk-row stk-inner-blocks stk-block-content stk-content-align stk-9313ae0-column alignwide\">\n<div class=\"wp-block-stackable-column stk-block-column stk-column stk-block stk-4777693\" data-v=\"4\" data-block-id=\"4777693\"><div class=\"stk-column-wrapper stk-block-column__content stk-container stk-4777693-container stk--no-background stk--no-padding\"><div class=\"stk-block-content stk-inner-blocks stk-4777693-inner-blocks\">\n<div class=\"wp-block-stackable-columns stk-block-columns stk-block stk-ed13aeb\" data-block-id=\"ed13aeb\"><div class=\"stk-row stk-inner-blocks stk-block-content stk-content-align stk-ed13aeb-column\">\n<div class=\"wp-block-stackable-column stk-block-column stk-column stk-block stk-d3c29a9 stk-block-background stk--has-background-overlay\" data-v=\"4\" data-block-id=\"d3c29a9\"><style>.stk-d3c29a9-inner-blocks{justify-content:center !important;}.stk-d3c29a9 {background-image:url(https:\/\/hotellayarolina.com\/wp-content\/uploads\/2026\/02\/DSC5181.webp) !important;}.stk-d3c29a9-container{min-height:var(--stk--preset--block-height--xx-large, 32rem) !important;}<\/style><div class=\"stk-column-wrapper stk-block-column__content stk-container stk-d3c29a9-container stk--no-background stk--no-padding\"><div class=\"stk--column-flex stk-block-content stk-inner-blocks stk-d3c29a9-inner-blocks\"><\/div><\/div><\/div>\n\n\n\n<div class=\"wp-block-stackable-column stk-block-column stk-column stk-block stk-003e904 stk-block-background stk--has-background-overlay\" data-v=\"4\" data-block-id=\"003e904\"><style>.stk-003e904-inner-blocks{justify-content:center !important;}.stk-003e904 {background-image:url(https:\/\/hotellayarolina.com\/wp-content\/uploads\/2026\/02\/DSC5189.webp) !important;}.stk-003e904-container{background-image:url(https:\/\/hotellayarolina.com\/wp-content\/uploads\/2026\/02\/DSC5189-1.webp) !important;min-height:var(--stk--preset--block-height--xx-large, 32rem) !important;}.stk-003e904-container:before{background-color:#000000 !important;opacity:0.5 !important;}<\/style><div class=\"stk-column-wrapper stk-block-column__content stk-container stk-003e904-container stk-hover-parent stk--has-background-overlay\"><div class=\"stk--column-flex stk-block-content stk-inner-blocks stk-003e904-inner-blocks\">\n<div class=\"wp-block-stackable-heading stk-block-heading stk-block-heading--v2 stk-block stk-1944bb9\" id=\"c-title-2-placeholder\" data-block-id=\"1944bb9\"><style>.stk-1944bb9 .stk-block-heading__text{color:#ffffff !important;}<\/style><h3 class=\"stk-block-heading__text has-text-color has-text-align-center\">Room 302<\/h3><\/div>\n\n\n\n<ul class=\"wp-block-list\">\n<li class=\"has-base-color has-text-color has-link-color wp-elements-5c6a4b82983ce30819f92df143c38f78\">One queen-size bed<\/li>\n\n\n\n<li class=\"has-base-color has-text-color has-link-color wp-elements-4167fe35e591bf3a2298d0b86003ea1e\">One twin bed<\/li>\n\n\n\n<li class=\"has-base-color has-text-color has-link-color wp-elements-4ecfd5ac902f1846de93b8a8322d6acc\">Nightstands<\/li>\n\n\n\n<li class=\"has-base-color has-text-color has-link-color wp-elements-e35bcff0e9e059da2cb840a75c450657\">Closet<\/li>\n\n\n\n<li class=\"has-base-color has-text-color has-link-color wp-elements-a853824ebee048fcda1b43e227b71b51\">43-inch TV<\/li>\n\n\n\n<li class=\"has-base-color has-text-color has-link-color wp-elements-cdc21ee9bf6b81a78154df35d6f37b76\">Air conditioner<\/li>\n\n\n\n<li class=\"has-base-color has-text-color has-link-color wp-elements-5d45e7b92bb23b7b32b58f619e65b041\">Private bathroom<\/li>\n\n\n\n<li class=\"has-base-color has-text-color has-link-color wp-elements-c425195da3a80f1fdc1bdf1525e84455\">Wi-Fi<\/li>\n<\/ul>\n\n\n\n<div class=\"wp-block-stackable-button-group stk-block-button-group stk-block stk-2016df3\" data-block-id=\"2016df3\"><div class=\"stk-row stk-inner-blocks has-text-align-center stk-block-content stk-button-group\">\n<div class=\"wp-block-stackable-button stk-block-button stk-block stk-8908185\" data-block-id=\"8908185\"><a class=\"stk-link stk-button stk--hover-effect-darken\" href=\"https:\/\/www.airbnb.co.cr\/rooms\/1195064013561416828?source_impression_id=p3_1772187182_P32JqdWD13AUPol0\"><span class=\"stk-button__inner-text\">Book now<\/span><\/a><\/div>\n<\/div><\/div>\n<\/div><\/div><\/div>\n\n\n\n<div class=\"wp-block-stackable-column stk-block-column stk-column stk-block stk-d251e3a stk-block-background stk--has-background-overlay\" data-v=\"4\" data-block-id=\"d251e3a\"><style>.stk-d251e3a-inner-blocks{justify-content:center !important;}.stk-d251e3a {background-image:url(https:\/\/hotellayarolina.com\/wp-content\/uploads\/2026\/02\/DSC5184.webp) !important;}.stk-d251e3a-container{min-height:var(--stk--preset--block-height--xx-large, 32rem) !important;}<\/style><div class=\"stk-column-wrapper stk-block-column__content stk-container stk-d251e3a-container stk--no-background stk--no-padding\"><div class=\"stk--column-flex stk-block-content stk-inner-blocks stk-d251e3a-inner-blocks\"><\/div><\/div><\/div>\n<\/div><\/div>\n<\/div><\/div><\/div>\n<\/div><\/div>","protected":false},"excerpt":{"rendered":"<p>Disfruta un plan entre amigos o familia. Todas las habitaciones de Hotel La Yarolina est\u00e1n totalmente acondicionadas para brindarte una estad\u00eda c\u00f3moda, placentera y relajante. Habitaci\u00f3n 205 Reservar Habitaci\u00f3n 301 Reservar Habitaci\u00f3n 302 Reservar<\/p>","protected":false},"author":270876243,"featured_media":0,"parent":0,"menu_order":0,"comment_status":"closed","ping_status":"closed","template":"","meta":{"_crdt_document":"","advanced_seo_description":"","jetpack_seo_html_title":"","jetpack_seo_noindex":false,"footnotes":""},"class_list":["post-281","page","type-page","status-publish","hentry"],"jetpack_likes_enabled":true,"jetpack_sharing_enabled":true,"jetpack_shortlink":"https:\/\/wp.me\/PgMKo6-4x","jetpack-related-posts":[],"_links":{"self":[{"href":"https:\/\/hotellayarolina.com\/en\/wp-json\/wp\/v2\/pages\/281","targetHints":{"allow":["GET"]}}],"collection":[{"href":"https:\/\/hotellayarolina.com\/en\/wp-json\/wp\/v2\/pages"}],"about":[{"href":"https:\/\/hotellayarolina.com\/en\/wp-json\/wp\/v2\/types\/page"}],"author":[{"embeddable":true,"href":"https:\/\/hotellayarolina.com\/en\/wp-json\/wp\/v2\/users\/270876243"}],"replies":[{"embeddable":true,"href":"https:\/\/hotellayarolina.com\/en\/wp-json\/wp\/v2\/comments?post=281"}],"version-history":[{"count":22,"href":"https:\/\/hotellayarolina.com\/en\/wp-json\/wp\/v2\/pages\/281\/revisions"}],"predecessor-version":[{"id":478,"href":"https:\/\/hotellayarolina.com\/en\/wp-json\/wp\/v2\/pages\/281\/revisions\/478"}],"wp:attachment":[{"href":"https:\/\/hotellayarolina.com\/en\/wp-json\/wp\/v2\/media?parent=281"}],"curies":[{"name":"wp","href":"https:\/\/api.w.org\/{rel}","templated":true}]}}